{"id":832,"date":"2017-04-06T14:37:58","date_gmt":"2017-04-06T14:37:58","guid":{"rendered":"https:\/\/triskellseafood.com\/?page_id=832"},"modified":"2021-07-19T12:53:24","modified_gmt":"2021-07-19T11:53:24","slug":"materiel-ostreicole","status":"publish","type":"page","link":"https:\/\/www.triskellseafood.com\/fr\/materiel-ostreicole\/","title":{"rendered":"Mat\u00e9riel ostr\u00e9icole"},"content":{"rendered":"<section class=\"l-section wpb_row removebott height_medium\"><div class=\"l-section-h i-cf\"><div class=\"g-cols vc_row via_flex valign_top type_default stacking_default\"><div class=\"vc_col-sm-12 wpb_column vc_column_container\"><div class=\"vc_column-inner\"><div class=\"wpb_wrapper\">[rev_slider_vc alias=\u00a0\u00bbaquaculture-equipment-fr\u00a0\u00bb]<\/div><\/div><\/div><\/div><\/div><\/section><section class=\"l-section wpb_row greybox height_medium\"><div class=\"l-section-h i-cf\"><div class=\"g-cols vc_row via_flex valign_top type_default stacking_default\"><div class=\"vc_col-sm-12 wpb_column vc_column_container\"><div class=\"vc_column-inner\"><div class=\"wpb_wrapper\"><div class=\"wpb_text_column\"><div class=\"wpb_wrapper\"><h2 class=\"p1\">Mat\u00e9riel ostr\u00e9icole<\/h2>\n<p>Triskell Seafood Ltd propose une gamme \u00e9tendue de Mat\u00e9riel Ostr\u00e9icole et fournitures sp\u00e9cialis\u00e9es pour l\u2019aquaculture, y compris poches et accessoires, emballages et autre. Nous sommes heureux de vous conseiller sur tous les produits de de notre gamme, y compris des marques reconnues telles CNG, YAD Marine ou Nortene\/ Intermas.<\/p>\n<p>Nous restons constamment \u00e0 l\u2019\u00e9coute des derni\u00e8res innovations et nouvelles technologies reli\u00e9es a l\u2019aquaculture afin de vous proposer les meilleures options pour votre activit\u00e9.<\/p>\n<p>Nous sommes \u00e9galement associ\u00e9s avec des compagnies Irlandaises qui produisent certains accessoires tels les crochets les plus durable en inox marin ou en fil plastifi\u00e9 de haute r\u00e9sistance.<\/p>\n<p>Au d\u00e9part de notre nouvel entrep\u00f4t, nous organisons les livraisons en Irlande de palettes et colis sous 24 h de votre commande et sous 3 jours pour le Royaume Uni.<br \/>\nConsultez nous pour obtenir un devis.<\/p>\n<\/div><\/div><\/div><\/div><\/div><\/div><\/div><\/section><section class=\"l-section wpb_row height_medium\"><div class=\"l-section-h i-cf\"><div class=\"g-cols vc_row via_flex valign_top type_default stacking_default\"><div class=\"vc_col-sm-12 wpb_column vc_column_container\"><div class=\"vc_column-inner\"><div class=\"wpb_wrapper\"><div class=\"w-grid type_grid layout_shop_standard hidden cols_3 preload_style_spinner\" id=\"us_grid_1\" style=\"--columns:3;--gap:1.2rem;\"><style>@media (max-width:1024px){#us_grid_1{--columns:2!important}}@media (max-width:600px){#us_grid_1{--columns:1!important}}@media (min-width:1024px){#us_grid_1 .w-post-elm.post_title{font-size:1.4rem!important}}.layout_shop_standard .w-grid-item-h{}.layout_shop_standard .usg_product_field_1{color:#fff!important;font-size:12px!important;font-weight:700!important;text-transform:uppercase!important;position:absolute!important;top:10px!important;left:10px!important;padding-left:0.8rem!important;padding-right:0.8rem!important;border-radius:2rem!important;background:var(--color-content-primary)!important}.layout_shop_standard .usg_post_title_1{font-size:1rem!important;margin-top:0.8rem!important;margin-bottom:0.2rem!important}.layout_shop_standard .usg_product_field_2{margin-bottom:0.2rem!important}.layout_shop_standard .usg_product_field_3{font-weight:700!important}.layout_shop_standard .usg_add_to_cart_1{font-size:0.8rem!important;margin-top:0.4rem!important;border-radius:0.2rem!important}<\/style><div class=\"w-grid-list\"><\/div><div class=\"w-grid-preloader\">\t<div class=\"g-preloader type_1\">\r\n\t\t<div><\/div>\r\n\t<\/div>\r\n\t<\/div>\t<div class=\"w-grid-json hidden\" onclick='return {&quot;action&quot;:&quot;us_ajax_grid&quot;,&quot;infinite_scroll&quot;:0,&quot;max_num_pages&quot;:0,&quot;pagination&quot;:&quot;none&quot;,&quot;template_vars&quot;:{&quot;columns&quot;:&quot;3&quot;,&quot;exclude_items&quot;:&quot;none&quot;,&quot;img_size&quot;:&quot;default&quot;,&quot;ignore_items_size&quot;:0,&quot;items_layout&quot;:&quot;shop_standard&quot;,&quot;items_offset&quot;:&quot;1&quot;,&quot;load_animation&quot;:&quot;none&quot;,&quot;overriding_link&quot;:&quot;{\\&quot;url\\&quot;:\\&quot;\\&quot;}&quot;,&quot;post_id&quot;:0,&quot;query_args&quot;:{&quot;posts_per_page&quot;:&quot;10&quot;},&quot;orderby_query_args&quot;:{&quot;orderby&quot;:{&quot;date&quot;:&quot;DESC&quot;}},&quot;type&quot;:&quot;grid&quot;,&quot;us_grid_post_type&quot;:&quot;taxonomy_terms&quot;,&quot;us_grid_ajax_index&quot;:1,&quot;us_grid_filter_query_string&quot;:null,&quot;us_grid_index&quot;:1,&quot;page_args&quot;:[],&quot;lang&quot;:&quot;fr&quot;}}'><\/div>\r\n\t<\/div><div class=\"w-grid-none type_message\"><\/div><\/div><\/div><\/div><\/div><\/div><\/section>\n","protected":false},"excerpt":{"rendered":"[rev_slider_vc alias=\"aquaculture-equipment-fr\"]Mat\u00e9riel ostr\u00e9icole Triskell Seafood Ltd propose une gamme \u00e9tendue de Mat\u00e9riel Ostr\u00e9icole et fournitures sp\u00e9cialis\u00e9es pour l\u2019aquaculture, y compris poches et accessoires, emballages et autre. Nous sommes heureux de vous conseiller sur tous les produits de de notre gamme, y compris des marques reconnues telles CNG, YAD Marine ou Nortene\/ Intermas. Nous restons constamment...","protected":false},"author":1,"featured_media":0,"parent":0,"menu_order":0,"comment_status":"closed","ping_status":"closed","template":"","meta":{"_exactmetrics_skip_tracking":false,"_exactmetrics_sitenote_active":false,"_exactmetrics_sitenote_note":"","_exactmetrics_sitenote_category":0,"footnotes":""},"class_list":["post-832","page","type-page","status-publish","hentry"],"yoast_head":"<!-- This site is optimized with the Yoast SEO plugin v26.4 - https:\/\/yoast.com\/wordpress\/plugins\/seo\/ -->\n<title>Triskell Seafood | Hu\u00eetres Irlandaises | Materiel Ostr\u00e9icole<\/title>\n<meta name=\"description\" content=\"Triskell Seafood propose une gamme \u00e9tendue de Mat\u00e9riel Ostr\u00e9icole et fournitures sp\u00e9cialis\u00e9es pour l\u2019aquaculture, y compris poches, accessoires, et autre.\" \/>\n<meta name=\"robots\" content=\"index, follow, max-snippet:-1, max-image-preview:large, max-video-preview:-1\" \/>\n<link rel=\"canonical\" href=\"https:\/\/www.triskellseafood.com\/fr\/materiel-ostreicole\/\" \/>\n<meta property=\"og:locale\" content=\"fr_FR\" \/>\n<meta property=\"og:type\" content=\"article\" \/>\n<meta property=\"og:title\" content=\"Triskell Seafood | Hu\u00eetres Irlandaises | Materiel Ostr\u00e9icole\" \/>\n<meta property=\"og:description\" content=\"Triskell Seafood propose une gamme \u00e9tendue de Mat\u00e9riel Ostr\u00e9icole et fournitures sp\u00e9cialis\u00e9es pour l\u2019aquaculture, y compris poches, accessoires, et autre.\" \/>\n<meta property=\"og:url\" content=\"https:\/\/www.triskellseafood.com\/fr\/materiel-ostreicole\/\" \/>\n<meta property=\"og:site_name\" content=\"Triskellseafood\" \/>\n<meta property=\"article:publisher\" content=\"https:\/\/www.facebook.com\/triskellseafood\/\" \/>\n<meta property=\"article:modified_time\" content=\"2021-07-19T11:53:24+00:00\" \/>\n<meta name=\"twitter:card\" content=\"summary_large_image\" \/>\n<meta name=\"twitter:label1\" content=\"Dur\u00e9e de lecture estim\u00e9e\" \/>\n\t<meta name=\"twitter:data1\" content=\"1 minute\" \/>\n<script type=\"application\/ld+json\" class=\"yoast-schema-graph\">{\"@context\":\"https:\/\/schema.org\",\"@graph\":[{\"@type\":\"WebPage\",\"@id\":\"https:\/\/www.triskellseafood.com\/fr\/materiel-ostreicole\/\",\"url\":\"https:\/\/www.triskellseafood.com\/fr\/materiel-ostreicole\/\",\"name\":\"Triskell Seafood | Hu\u00eetres Irlandaises | Materiel Ostr\u00e9icole\",\"isPartOf\":{\"@id\":\"https:\/\/www.triskellseafood.com\/#website\"},\"datePublished\":\"2017-04-06T14:37:58+00:00\",\"dateModified\":\"2021-07-19T11:53:24+00:00\",\"description\":\"Triskell Seafood propose une gamme \u00e9tendue de Mat\u00e9riel Ostr\u00e9icole et fournitures sp\u00e9cialis\u00e9es pour l\u2019aquaculture, y compris poches, accessoires, et autre.\",\"breadcrumb\":{\"@id\":\"https:\/\/www.triskellseafood.com\/fr\/materiel-ostreicole\/#breadcrumb\"},\"inLanguage\":\"fr-FR\",\"potentialAction\":[{\"@type\":\"ReadAction\",\"target\":[\"https:\/\/www.triskellseafood.com\/fr\/materiel-ostreicole\/\"]}]},{\"@type\":\"BreadcrumbList\",\"@id\":\"https:\/\/www.triskellseafood.com\/fr\/materiel-ostreicole\/#breadcrumb\",\"itemListElement\":[{\"@type\":\"ListItem\",\"position\":1,\"name\":\"Home\",\"item\":\"https:\/\/www.triskellseafood.com\/fr\/\"},{\"@type\":\"ListItem\",\"position\":2,\"name\":\"Mat\u00e9riel ostr\u00e9icole\"}]},{\"@type\":\"WebSite\",\"@id\":\"https:\/\/www.triskellseafood.com\/#website\",\"url\":\"https:\/\/www.triskellseafood.com\/\",\"name\":\"Triskellseafood\",\"description\":\"\",\"potentialAction\":[{\"@type\":\"SearchAction\",\"target\":{\"@type\":\"EntryPoint\",\"urlTemplate\":\"https:\/\/www.triskellseafood.com\/?s={search_term_string}\"},\"query-input\":{\"@type\":\"PropertyValueSpecification\",\"valueRequired\":true,\"valueName\":\"search_term_string\"}}],\"inLanguage\":\"fr-FR\"}]}<\/script>\n<!-- \/ Yoast SEO plugin. -->","yoast_head_json":{"title":"Triskell Seafood | Hu\u00eetres Irlandaises | Materiel Ostr\u00e9icole","description":"Triskell Seafood propose une gamme \u00e9tendue de Mat\u00e9riel Ostr\u00e9icole et fournitures sp\u00e9cialis\u00e9es pour l\u2019aquaculture, y compris poches, accessoires, et autre.","robots":{"index":"index","follow":"follow","max-snippet":"max-snippet:-1","max-image-preview":"max-image-preview:large","max-video-preview":"max-video-preview:-1"},"canonical":"https:\/\/www.triskellseafood.com\/fr\/materiel-ostreicole\/","og_locale":"fr_FR","og_type":"article","og_title":"Triskell Seafood | Hu\u00eetres Irlandaises | Materiel Ostr\u00e9icole","og_description":"Triskell Seafood propose une gamme \u00e9tendue de Mat\u00e9riel Ostr\u00e9icole et fournitures sp\u00e9cialis\u00e9es pour l\u2019aquaculture, y compris poches, accessoires, et autre.","og_url":"https:\/\/www.triskellseafood.com\/fr\/materiel-ostreicole\/","og_site_name":"Triskellseafood","article_publisher":"https:\/\/www.facebook.com\/triskellseafood\/","article_modified_time":"2021-07-19T11:53:24+00:00","twitter_card":"summary_large_image","twitter_misc":{"Dur\u00e9e de lecture estim\u00e9e":"1 minute"},"schema":{"@context":"https:\/\/schema.org","@graph":[{"@type":"WebPage","@id":"https:\/\/www.triskellseafood.com\/fr\/materiel-ostreicole\/","url":"https:\/\/www.triskellseafood.com\/fr\/materiel-ostreicole\/","name":"Triskell Seafood | Hu\u00eetres Irlandaises | Materiel Ostr\u00e9icole","isPartOf":{"@id":"https:\/\/www.triskellseafood.com\/#website"},"datePublished":"2017-04-06T14:37:58+00:00","dateModified":"2021-07-19T11:53:24+00:00","description":"Triskell Seafood propose une gamme \u00e9tendue de Mat\u00e9riel Ostr\u00e9icole et fournitures sp\u00e9cialis\u00e9es pour l\u2019aquaculture, y compris poches, accessoires, et autre.","breadcrumb":{"@id":"https:\/\/www.triskellseafood.com\/fr\/materiel-ostreicole\/#breadcrumb"},"inLanguage":"fr-FR","potentialAction":[{"@type":"ReadAction","target":["https:\/\/www.triskellseafood.com\/fr\/materiel-ostreicole\/"]}]},{"@type":"BreadcrumbList","@id":"https:\/\/www.triskellseafood.com\/fr\/materiel-ostreicole\/#breadcrumb","itemListElement":[{"@type":"ListItem","position":1,"name":"Home","item":"https:\/\/www.triskellseafood.com\/fr\/"},{"@type":"ListItem","position":2,"name":"Mat\u00e9riel ostr\u00e9icole"}]},{"@type":"WebSite","@id":"https:\/\/www.triskellseafood.com\/#website","url":"https:\/\/www.triskellseafood.com\/","name":"Triskellseafood","description":"","potentialAction":[{"@type":"SearchAction","target":{"@type":"EntryPoint","urlTemplate":"https:\/\/www.triskellseafood.com\/?s={search_term_string}"},"query-input":{"@type":"PropertyValueSpecification","valueRequired":true,"valueName":"search_term_string"}}],"inLanguage":"fr-FR"}]}},"_links":{"self":[{"href":"https:\/\/www.triskellseafood.com\/fr\/wp-json\/wp\/v2\/pages\/832","targetHints":{"allow":["GET"]}}],"collection":[{"href":"https:\/\/www.triskellseafood.com\/fr\/wp-json\/wp\/v2\/pages"}],"about":[{"href":"https:\/\/www.triskellseafood.com\/fr\/wp-json\/wp\/v2\/types\/page"}],"author":[{"embeddable":true,"href":"https:\/\/www.triskellseafood.com\/fr\/wp-json\/wp\/v2\/users\/1"}],"replies":[{"embeddable":true,"href":"https:\/\/www.triskellseafood.com\/fr\/wp-json\/wp\/v2\/comments?post=832"}],"version-history":[{"count":11,"href":"https:\/\/www.triskellseafood.com\/fr\/wp-json\/wp\/v2\/pages\/832\/revisions"}],"predecessor-version":[{"id":3568,"href":"https:\/\/www.triskellseafood.com\/fr\/wp-json\/wp\/v2\/pages\/832\/revisions\/3568"}],"wp:attachment":[{"href":"https:\/\/www.triskellseafood.com\/fr\/wp-json\/wp\/v2\/media?parent=832"}],"curies":[{"name":"wp","href":"https:\/\/api.w.org\/{rel}","templated":true}]}}