{"id":825,"date":"2017-04-06T14:11:40","date_gmt":"2017-04-06T14:11:40","guid":{"rendered":"https:\/\/triskellseafood.com\/?page_id=825"},"modified":"2025-11-04T23:15:14","modified_gmt":"2025-11-04T22:15:14","slug":"produits-de-la-mer","status":"publish","type":"page","link":"https:\/\/www.triskellseafood.com\/fr\/produits-de-la-mer\/","title":{"rendered":"Produits de la mer"},"content":{"rendered":"<section class=\"l-section wpb_row removebott height_medium\"><div class=\"l-section-h i-cf\"><div class=\"g-cols vc_row via_flex valign_top type_default stacking_default\"><div class=\"vc_col-sm-12 wpb_column vc_column_container\"><div class=\"vc_column-inner\"><div class=\"wpb_wrapper\">[rev_slider_vc alias=\u00a0\u00bbseafood-fr\u00a0\u00bb]<\/div><\/div><\/div><\/div><\/div><\/section><section class=\"l-section wpb_row us_custom_a833bf3c greybox height_medium\"><div class=\"l-section-h i-cf\"><div class=\"g-cols vc_row via_flex valign_top type_default stacking_default\"><div class=\"vc_col-sm-12 wpb_column vc_column_container\"><div class=\"vc_column-inner\"><div class=\"wpb_wrapper\"><div class=\"wpb_text_column\"><div class=\"wpb_wrapper\"><h2 class=\"p1\"><span class=\"s1\"><b>Produits de la mer:<\/b><\/span><\/h2>\n<p>Nous fournissons \u00e9galement aux ostr\u00e9iculteurs le <strong>naissain d\u2019hu\u00eetres<\/strong> (triplo\u00efdes ou diplo\u00efdes) au d\u00e9part d\u2019\u00e9closeries fiables et r\u00e9put\u00e9es, ainsi que le pr\u00e9grossi et le demi-\u00e9levage.\u00a0 N\u2019h\u00e9sitez pas a nous contacter pour nous faire part de vos besoins sp\u00e9cifiques.<\/p>\n<p>Notre syst\u00e8me de tracabilit\u00e9 est rigoureux pour vous garantir le meilleur standard possible au niveau qualit\u00e9 et excellence du service.<\/p>\n<\/div><\/div><\/div><\/div><\/div><\/div><\/div><\/section><section class=\"l-section wpb_row height_medium\"><div class=\"l-section-h i-cf\"><div class=\"g-cols vc_row via_flex valign_top type_default stacking_default\"><div class=\"vc_col-sm-8 wpb_column vc_column_container seafood\"><div class=\"vc_column-inner\"><div class=\"wpb_wrapper\"><div class=\"wpb_text_column\"><div class=\"wpb_wrapper\"><h3>Nous vous proposons:<\/h3>\n<\/div><\/div><div class=\"w-separator size_small with_line width_default thick_1 style_solid color_primary align_center\"><div class=\"w-separator-h\"><\/div><\/div><div class=\"g-cols wpb_row boxed via_flex valign_top type_default stacking_default\"><div class=\"vc_col-sm-3 wpb_column vc_column_container\"><div class=\"vc_column-inner\"><div class=\"wpb_wrapper\"><div class=\"w-image align_none\"><a ref=\"magnificPopup\" href=\"https:\/\/www.triskellseafood.com\/wp-content\/uploads\/2017\/04\/oyster-seed.png\" aria-label=\"Triskell Seafood Oyster Seed (Naissain d\u2019Hu\u00eetres)\" class=\"w-image-h\"><img decoding=\"async\" width=\"150\" height=\"150\" src=\"https:\/\/www.triskellseafood.com\/wp-content\/uploads\/2017\/04\/oyster-seed-150x150.png\" class=\"attachment-thumbnail size-thumbnail\" alt=\"Oyster Seed - Naissain d\u2019Hu\u00eetres\" loading=\"lazy\" \/><\/a><\/div><\/div><\/div><\/div><div class=\"vc_col-sm-9 wpb_column vc_column_container\"><div class=\"vc_column-inner\"><div class=\"wpb_wrapper\"><div class=\"wpb_text_column\"><div class=\"wpb_wrapper\"><h4>Naissain d&rsquo;Hu\u00eetres\u00a0(<em>Crassostrea Gigas<em>)<\/em><\/em><\/h4>\n<p>En provenance d\u2019\u00e9closeries fiables, nous vous proposons du naissain, triplo\u00efde ou diplo\u00efde, du T4 au T12<\/p>\n<\/div><\/div><\/div><\/div><\/div><\/div><div class=\"w-separator size_small with_line width_default thick_1 style_solid color_primary align_center\"><div class=\"w-separator-h\"><\/div><\/div><div class=\"w-separator size_small with_line width_default thick_1 style_solid color_primary align_center\"><div class=\"w-separator-h\"><\/div><\/div><div class=\"w-separator size_small with_line width_default thick_1 style_solid color_primary align_center\"><div class=\"w-separator-h\"><\/div><\/div><div class=\"w-separator size_small with_line width_default thick_1 style_solid color_primary align_center\"><div class=\"w-separator-h\"><\/div><\/div><div class=\"w-separator size_small with_line width_default thick_1 style_solid color_primary align_center\"><div class=\"w-separator-h\"><\/div><\/div><div class=\"w-separator size_small with_line width_default thick_1 style_solid color_primary align_center\"><div class=\"w-separator-h\"><\/div><\/div><div class=\"w-separator size_small with_line width_default thick_1 style_solid color_primary align_center\"><div class=\"w-separator-h\"><\/div><\/div><\/div><\/div><\/div><\/div><\/div><\/section>\n","protected":false},"excerpt":{"rendered":"[rev_slider_vc alias=\"seafood-fr\"]Produits de la mer: Nous fournissons \u00e9galement aux ostr\u00e9iculteurs le naissain d\u2019hu\u00eetres (triplo\u00efdes ou diplo\u00efdes) au d\u00e9part d\u2019\u00e9closeries fiables et r\u00e9put\u00e9es, ainsi que le pr\u00e9grossi et le demi-\u00e9levage.\u00a0 N\u2019h\u00e9sitez pas a nous contacter pour nous faire part de vos besoins sp\u00e9cifiques. Notre syst\u00e8me de tracabilit\u00e9 est rigoureux pour vous garantir le meilleur standard possible...","protected":false},"author":1,"featured_media":0,"parent":0,"menu_order":0,"comment_status":"closed","ping_status":"closed","template":"","meta":{"_exactmetrics_skip_tracking":false,"_exactmetrics_sitenote_active":false,"_exactmetrics_sitenote_note":"","_exactmetrics_sitenote_category":0,"footnotes":""},"class_list":["post-825","page","type-page","status-publish","hentry"],"yoast_head":"<!-- This site is optimized with the Yoast SEO plugin v26.4 - https:\/\/yoast.com\/wordpress\/plugins\/seo\/ -->\n<title>Fournisseur d&#039;hu\u00eetres | Bigorneaux | Palourdes | Naissain d&#039;hu\u00eetres<\/title>\n<meta name=\"description\" content=\"On est sp\u00e9cialis\u00e9 dans le n\u00e9goce d\u2019hu\u00eetres et coquillages vivants. Notre gamme de produits comprend Hu\u00eetres, Bigorneaux, Palourdes et Couteaux\" \/>\n<meta name=\"robots\" content=\"index, follow, max-snippet:-1, max-image-preview:large, max-video-preview:-1\" \/>\n<link rel=\"canonical\" href=\"https:\/\/www.triskellseafood.com\/fr\/produits-de-la-mer\/\" \/>\n<meta property=\"og:locale\" content=\"fr_FR\" \/>\n<meta property=\"og:type\" content=\"article\" \/>\n<meta property=\"og:title\" content=\"Fournisseur d&#039;hu\u00eetres | Bigorneaux | Palourdes | Naissain d&#039;hu\u00eetres\" \/>\n<meta property=\"og:description\" content=\"On est sp\u00e9cialis\u00e9 dans le n\u00e9goce d\u2019hu\u00eetres et coquillages vivants. Notre gamme de produits comprend Hu\u00eetres, Bigorneaux, Palourdes et Couteaux\" \/>\n<meta property=\"og:url\" content=\"https:\/\/www.triskellseafood.com\/fr\/produits-de-la-mer\/\" \/>\n<meta property=\"og:site_name\" content=\"Triskellseafood\" \/>\n<meta property=\"article:publisher\" content=\"https:\/\/www.facebook.com\/triskellseafood\/\" \/>\n<meta property=\"article:modified_time\" content=\"2025-11-04T22:15:14+00:00\" \/>\n<meta name=\"twitter:card\" content=\"summary_large_image\" \/>\n<meta name=\"twitter:label1\" content=\"Dur\u00e9e de lecture estim\u00e9e\" \/>\n\t<meta name=\"twitter:data1\" content=\"3 minutes\" \/>\n<script type=\"application\/ld+json\" class=\"yoast-schema-graph\">{\"@context\":\"https:\/\/schema.org\",\"@graph\":[{\"@type\":\"WebPage\",\"@id\":\"https:\/\/www.triskellseafood.com\/fr\/produits-de-la-mer\/\",\"url\":\"https:\/\/www.triskellseafood.com\/fr\/produits-de-la-mer\/\",\"name\":\"Fournisseur d'hu\u00eetres | Bigorneaux | Palourdes | Naissain d'hu\u00eetres\",\"isPartOf\":{\"@id\":\"https:\/\/www.triskellseafood.com\/#website\"},\"datePublished\":\"2017-04-06T14:11:40+00:00\",\"dateModified\":\"2025-11-04T22:15:14+00:00\",\"description\":\"On est sp\u00e9cialis\u00e9 dans le n\u00e9goce d\u2019hu\u00eetres et coquillages vivants. Notre gamme de produits comprend Hu\u00eetres, Bigorneaux, Palourdes et Couteaux\",\"breadcrumb\":{\"@id\":\"https:\/\/www.triskellseafood.com\/fr\/produits-de-la-mer\/#breadcrumb\"},\"inLanguage\":\"fr-FR\",\"potentialAction\":[{\"@type\":\"ReadAction\",\"target\":[\"https:\/\/www.triskellseafood.com\/fr\/produits-de-la-mer\/\"]}]},{\"@type\":\"BreadcrumbList\",\"@id\":\"https:\/\/www.triskellseafood.com\/fr\/produits-de-la-mer\/#breadcrumb\",\"itemListElement\":[{\"@type\":\"ListItem\",\"position\":1,\"name\":\"Home\",\"item\":\"https:\/\/www.triskellseafood.com\/fr\/\"},{\"@type\":\"ListItem\",\"position\":2,\"name\":\"Produits de la mer\"}]},{\"@type\":\"WebSite\",\"@id\":\"https:\/\/www.triskellseafood.com\/#website\",\"url\":\"https:\/\/www.triskellseafood.com\/\",\"name\":\"Triskellseafood\",\"description\":\"\",\"potentialAction\":[{\"@type\":\"SearchAction\",\"target\":{\"@type\":\"EntryPoint\",\"urlTemplate\":\"https:\/\/www.triskellseafood.com\/?s={search_term_string}\"},\"query-input\":{\"@type\":\"PropertyValueSpecification\",\"valueRequired\":true,\"valueName\":\"search_term_string\"}}],\"inLanguage\":\"fr-FR\"}]}<\/script>\n<!-- \/ Yoast SEO plugin. -->","yoast_head_json":{"title":"Fournisseur d'hu\u00eetres | Bigorneaux | Palourdes | Naissain d'hu\u00eetres","description":"On est sp\u00e9cialis\u00e9 dans le n\u00e9goce d\u2019hu\u00eetres et coquillages vivants. Notre gamme de produits comprend Hu\u00eetres, Bigorneaux, Palourdes et Couteaux","robots":{"index":"index","follow":"follow","max-snippet":"max-snippet:-1","max-image-preview":"max-image-preview:large","max-video-preview":"max-video-preview:-1"},"canonical":"https:\/\/www.triskellseafood.com\/fr\/produits-de-la-mer\/","og_locale":"fr_FR","og_type":"article","og_title":"Fournisseur d'hu\u00eetres | Bigorneaux | Palourdes | Naissain d'hu\u00eetres","og_description":"On est sp\u00e9cialis\u00e9 dans le n\u00e9goce d\u2019hu\u00eetres et coquillages vivants. Notre gamme de produits comprend Hu\u00eetres, Bigorneaux, Palourdes et Couteaux","og_url":"https:\/\/www.triskellseafood.com\/fr\/produits-de-la-mer\/","og_site_name":"Triskellseafood","article_publisher":"https:\/\/www.facebook.com\/triskellseafood\/","article_modified_time":"2025-11-04T22:15:14+00:00","twitter_card":"summary_large_image","twitter_misc":{"Dur\u00e9e de lecture estim\u00e9e":"3 minutes"},"schema":{"@context":"https:\/\/schema.org","@graph":[{"@type":"WebPage","@id":"https:\/\/www.triskellseafood.com\/fr\/produits-de-la-mer\/","url":"https:\/\/www.triskellseafood.com\/fr\/produits-de-la-mer\/","name":"Fournisseur d'hu\u00eetres | Bigorneaux | Palourdes | Naissain d'hu\u00eetres","isPartOf":{"@id":"https:\/\/www.triskellseafood.com\/#website"},"datePublished":"2017-04-06T14:11:40+00:00","dateModified":"2025-11-04T22:15:14+00:00","description":"On est sp\u00e9cialis\u00e9 dans le n\u00e9goce d\u2019hu\u00eetres et coquillages vivants. Notre gamme de produits comprend Hu\u00eetres, Bigorneaux, Palourdes et Couteaux","breadcrumb":{"@id":"https:\/\/www.triskellseafood.com\/fr\/produits-de-la-mer\/#breadcrumb"},"inLanguage":"fr-FR","potentialAction":[{"@type":"ReadAction","target":["https:\/\/www.triskellseafood.com\/fr\/produits-de-la-mer\/"]}]},{"@type":"BreadcrumbList","@id":"https:\/\/www.triskellseafood.com\/fr\/produits-de-la-mer\/#breadcrumb","itemListElement":[{"@type":"ListItem","position":1,"name":"Home","item":"https:\/\/www.triskellseafood.com\/fr\/"},{"@type":"ListItem","position":2,"name":"Produits de la mer"}]},{"@type":"WebSite","@id":"https:\/\/www.triskellseafood.com\/#website","url":"https:\/\/www.triskellseafood.com\/","name":"Triskellseafood","description":"","potentialAction":[{"@type":"SearchAction","target":{"@type":"EntryPoint","urlTemplate":"https:\/\/www.triskellseafood.com\/?s={search_term_string}"},"query-input":{"@type":"PropertyValueSpecification","valueRequired":true,"valueName":"search_term_string"}}],"inLanguage":"fr-FR"}]}},"_links":{"self":[{"href":"https:\/\/www.triskellseafood.com\/fr\/wp-json\/wp\/v2\/pages\/825","targetHints":{"allow":["GET"]}}],"collection":[{"href":"https:\/\/www.triskellseafood.com\/fr\/wp-json\/wp\/v2\/pages"}],"about":[{"href":"https:\/\/www.triskellseafood.com\/fr\/wp-json\/wp\/v2\/types\/page"}],"author":[{"embeddable":true,"href":"https:\/\/www.triskellseafood.com\/fr\/wp-json\/wp\/v2\/users\/1"}],"replies":[{"embeddable":true,"href":"https:\/\/www.triskellseafood.com\/fr\/wp-json\/wp\/v2\/comments?post=825"}],"version-history":[{"count":28,"href":"https:\/\/www.triskellseafood.com\/fr\/wp-json\/wp\/v2\/pages\/825\/revisions"}],"predecessor-version":[{"id":8208,"href":"https:\/\/www.triskellseafood.com\/fr\/wp-json\/wp\/v2\/pages\/825\/revisions\/8208"}],"wp:attachment":[{"href":"https:\/\/www.triskellseafood.com\/fr\/wp-json\/wp\/v2\/media?parent=825"}],"curies":[{"name":"wp","href":"https:\/\/api.w.org\/{rel}","templated":true}]}}