{"id":808,"date":"2017-04-06T13:52:16","date_gmt":"2017-04-06T13:52:16","guid":{"rendered":"https:\/\/triskellseafood.com\/?page_id=808"},"modified":"2021-01-19T16:24:17","modified_gmt":"2021-01-19T15:24:17","slug":"consulting","status":"publish","type":"page","link":"https:\/\/www.triskellseafood.com\/fr\/nous-connaitre-2\/consulting\/","title":{"rendered":"Consulting"},"content":{"rendered":"<section class=\"l-section wpb_row height_medium\"><div class=\"l-section-h i-cf\"><div class=\"g-cols vc_row via_flex valign_top type_default stacking_default\"><div class=\"vc_col-sm-12 wpb_column vc_column_container\"><div class=\"vc_column-inner\"><div class=\"wpb_wrapper\"><div class=\"w-slider style_none fit_scaledown nav_none count_1\"><div class=\"w-slider-h\"><div class=\"royalSlider\"><div class=\"rsContent\"><a class=\"rsImg\" data-rsw=\"1024\" data-rsh=\"460\" href=\"https:\/\/www.triskellseafood.com\/wp-content\/uploads\/2017\/02\/triskellbg-mi-e1488801192198-1024x460.jpg\"><span data-alt=\"\"><\/span><\/a><\/div><\/div><img decoding=\"async\" src=\"https:\/\/www.triskellseafood.com\/wp-content\/uploads\/2017\/02\/triskellbg-mi-e1488801192198-1024x460.jpg\" width=\"1024\" height=\"460\" alt loading=\"lazy\"><\/div><div class=\"w-slider-json\" onclick='return {&quot;autoScaleSlider&quot;:true,&quot;addActiveClass&quot;:true,&quot;loop&quot;:true,&quot;fadeInLoadedSlide&quot;:false,&quot;slidesSpacing&quot;:0,&quot;imageScalePadding&quot;:0,&quot;numImagesToPreload&quot;:2,&quot;arrowsNav&quot;:true,&quot;arrowsNavAutoHide&quot;:false,&quot;transitionType&quot;:&quot;move&quot;,&quot;transitionSpeed&quot;:250,&quot;block&quot;:{&quot;moveEffect&quot;:&quot;none&quot;,&quot;speed&quot;:300},&quot;thumbs&quot;:{&quot;fitInViewport&quot;:false,&quot;firstMargin&quot;:false,&quot;spacing&quot;:4},&quot;controlNavigation&quot;:&quot;none&quot;,&quot;autoScaleSliderWidth&quot;:1024,&quot;autoScaleSliderHeight&quot;:460}'><\/div><\/div><div class=\"w-separator size_medium\"><\/div><div class=\"g-cols wpb_row via_flex valign_top type_default stacking_default\"><div class=\"vc_col-sm-12 wpb_column vc_column_container\"><div class=\"vc_column-inner\"><div class=\"wpb_wrapper\"><div class=\"wpb_text_column\"><div class=\"wpb_wrapper\"><p>Avec plus de 20 ans d\u2019exp\u00e9rience dans le domaine ostr\u00e9icole, Triskell Seafood est dans une position id\u00e9ale pour renseigner et conseiller les entreprises,\u00a0 nouvelles ou d\u00e9ja \u00e9tablies,\u00a0 dans ce secteur d\u2019activit\u00e9.\u00a0 Nous serons ravies de vous aider, que ce soit au niveau d\u2019une nouvelle installation et besoin en mat\u00e9riel, ou pour toute autre aspect de votre activit\u00e9 afin de maximiser votre production.<\/p>\n<p>Grace\u00a0\u00e0 un vaste r\u00e9seau de contacts en Irlande et Europe, nous avons d\u00e9ja facilit\u00e9 de nombreux partenariats couronn\u00e9s de succ\u00e8s.\u00a0 Que ce soit pour la vente ou achat d\u2019une ferme ostr\u00e9icole ou la mise en place d\u2019un service de prestation, n\u2019h\u00e9sitez pas\u00a0\u00e0 nous contacter.<\/p>\n<p>\u00ab\u00a0J&rsquo;adore les hu\u00eetres : on a l&rsquo;impression d&#8217;embrasser la mer sur la bouche\u00a0\u00bb.<br \/>\nL\u00e9on-Paul Fargue<\/p>\n<\/div><\/div><\/div><\/div><\/div><\/div><\/div><\/div><\/div><\/div><\/div><\/section>\n","protected":false},"excerpt":{"rendered":"Avec plus de 20 ans d\u2019exp\u00e9rience dans le domaine ostr\u00e9icole, Triskell Seafood est dans une position id\u00e9ale pour renseigner et conseiller les entreprises,\u00a0 nouvelles ou d\u00e9ja \u00e9tablies,\u00a0 dans ce secteur d\u2019activit\u00e9.\u00a0 Nous serons ravies de vous aider, que ce soit au niveau d\u2019une nouvelle installation et besoin en mat\u00e9riel, ou pour toute autre aspect de...","protected":false},"author":1,"featured_media":0,"parent":761,"menu_order":0,"comment_status":"closed","ping_status":"closed","template":"","meta":{"_exactmetrics_skip_tracking":false,"_exactmetrics_sitenote_active":false,"_exactmetrics_sitenote_note":"","_exactmetrics_sitenote_category":0,"footnotes":""},"class_list":["post-808","page","type-page","status-publish","hentry"],"yoast_head":"<!-- This site is optimized with the Yoast SEO plugin v26.4 - https:\/\/yoast.com\/wordpress\/plugins\/seo\/ -->\n<title>Triskell Seafood | N\u00e9gociant &amp; Fournisseur | Consultancy<\/title>\n<meta name=\"description\" content=\"Avec plus de 20 ans d\u2019exp\u00e9rience dans le domaine ostr\u00e9icole, Triskell Seafood est dans une position id\u00e9ale pour renseigner les entreprises.\" \/>\n<meta name=\"robots\" content=\"index, follow, max-snippet:-1, max-image-preview:large, max-video-preview:-1\" \/>\n<link rel=\"canonical\" href=\"https:\/\/www.triskellseafood.com\/fr\/nous-connaitre-2\/consulting\/\" \/>\n<meta property=\"og:locale\" content=\"fr_FR\" \/>\n<meta property=\"og:type\" content=\"article\" \/>\n<meta property=\"og:title\" content=\"Triskell Seafood | N\u00e9gociant &amp; Fournisseur | Consultancy\" \/>\n<meta property=\"og:description\" content=\"Avec plus de 20 ans d\u2019exp\u00e9rience dans le domaine ostr\u00e9icole, Triskell Seafood est dans une position id\u00e9ale pour renseigner les entreprises.\" \/>\n<meta property=\"og:url\" content=\"https:\/\/www.triskellseafood.com\/fr\/nous-connaitre-2\/consulting\/\" \/>\n<meta property=\"og:site_name\" content=\"Triskellseafood\" \/>\n<meta property=\"article:publisher\" content=\"https:\/\/www.facebook.com\/triskellseafood\/\" \/>\n<meta property=\"article:modified_time\" content=\"2021-01-19T15:24:17+00:00\" \/>\n<meta name=\"twitter:card\" content=\"summary_large_image\" \/>\n<meta name=\"twitter:label1\" content=\"Dur\u00e9e de lecture estim\u00e9e\" \/>\n\t<meta name=\"twitter:data1\" content=\"1 minute\" \/>\n<script type=\"application\/ld+json\" class=\"yoast-schema-graph\">{\"@context\":\"https:\/\/schema.org\",\"@graph\":[{\"@type\":\"WebPage\",\"@id\":\"https:\/\/www.triskellseafood.com\/fr\/nous-connaitre-2\/consulting\/\",\"url\":\"https:\/\/www.triskellseafood.com\/fr\/nous-connaitre-2\/consulting\/\",\"name\":\"Triskell Seafood | N\u00e9gociant & Fournisseur | Consultancy\",\"isPartOf\":{\"@id\":\"https:\/\/www.triskellseafood.com\/#website\"},\"datePublished\":\"2017-04-06T13:52:16+00:00\",\"dateModified\":\"2021-01-19T15:24:17+00:00\",\"description\":\"Avec plus de 20 ans d\u2019exp\u00e9rience dans le domaine ostr\u00e9icole, Triskell Seafood est dans une position id\u00e9ale pour renseigner les entreprises.\",\"breadcrumb\":{\"@id\":\"https:\/\/www.triskellseafood.com\/fr\/nous-connaitre-2\/consulting\/#breadcrumb\"},\"inLanguage\":\"fr-FR\",\"potentialAction\":[{\"@type\":\"ReadAction\",\"target\":[\"https:\/\/www.triskellseafood.com\/fr\/nous-connaitre-2\/consulting\/\"]}]},{\"@type\":\"BreadcrumbList\",\"@id\":\"https:\/\/www.triskellseafood.com\/fr\/nous-connaitre-2\/consulting\/#breadcrumb\",\"itemListElement\":[{\"@type\":\"ListItem\",\"position\":1,\"name\":\"Home\",\"item\":\"https:\/\/www.triskellseafood.com\/fr\/\"},{\"@type\":\"ListItem\",\"position\":2,\"name\":\"Nous Conna\u00eetre\",\"item\":\"https:\/\/www.triskellseafood.com\/fr\/nous-connaitre-2\/\"},{\"@type\":\"ListItem\",\"position\":3,\"name\":\"Consulting\"}]},{\"@type\":\"WebSite\",\"@id\":\"https:\/\/www.triskellseafood.com\/#website\",\"url\":\"https:\/\/www.triskellseafood.com\/\",\"name\":\"Triskellseafood\",\"description\":\"\",\"potentialAction\":[{\"@type\":\"SearchAction\",\"target\":{\"@type\":\"EntryPoint\",\"urlTemplate\":\"https:\/\/www.triskellseafood.com\/?s={search_term_string}\"},\"query-input\":{\"@type\":\"PropertyValueSpecification\",\"valueRequired\":true,\"valueName\":\"search_term_string\"}}],\"inLanguage\":\"fr-FR\"}]}<\/script>\n<!-- \/ Yoast SEO plugin. -->","yoast_head_json":{"title":"Triskell Seafood | N\u00e9gociant & Fournisseur | Consultancy","description":"Avec plus de 20 ans d\u2019exp\u00e9rience dans le domaine ostr\u00e9icole, Triskell Seafood est dans une position id\u00e9ale pour renseigner les entreprises.","robots":{"index":"index","follow":"follow","max-snippet":"max-snippet:-1","max-image-preview":"max-image-preview:large","max-video-preview":"max-video-preview:-1"},"canonical":"https:\/\/www.triskellseafood.com\/fr\/nous-connaitre-2\/consulting\/","og_locale":"fr_FR","og_type":"article","og_title":"Triskell Seafood | N\u00e9gociant & Fournisseur | Consultancy","og_description":"Avec plus de 20 ans d\u2019exp\u00e9rience dans le domaine ostr\u00e9icole, Triskell Seafood est dans une position id\u00e9ale pour renseigner les entreprises.","og_url":"https:\/\/www.triskellseafood.com\/fr\/nous-connaitre-2\/consulting\/","og_site_name":"Triskellseafood","article_publisher":"https:\/\/www.facebook.com\/triskellseafood\/","article_modified_time":"2021-01-19T15:24:17+00:00","twitter_card":"summary_large_image","twitter_misc":{"Dur\u00e9e de lecture estim\u00e9e":"1 minute"},"schema":{"@context":"https:\/\/schema.org","@graph":[{"@type":"WebPage","@id":"https:\/\/www.triskellseafood.com\/fr\/nous-connaitre-2\/consulting\/","url":"https:\/\/www.triskellseafood.com\/fr\/nous-connaitre-2\/consulting\/","name":"Triskell Seafood | N\u00e9gociant & Fournisseur | Consultancy","isPartOf":{"@id":"https:\/\/www.triskellseafood.com\/#website"},"datePublished":"2017-04-06T13:52:16+00:00","dateModified":"2021-01-19T15:24:17+00:00","description":"Avec plus de 20 ans d\u2019exp\u00e9rience dans le domaine ostr\u00e9icole, Triskell Seafood est dans une position id\u00e9ale pour renseigner les entreprises.","breadcrumb":{"@id":"https:\/\/www.triskellseafood.com\/fr\/nous-connaitre-2\/consulting\/#breadcrumb"},"inLanguage":"fr-FR","potentialAction":[{"@type":"ReadAction","target":["https:\/\/www.triskellseafood.com\/fr\/nous-connaitre-2\/consulting\/"]}]},{"@type":"BreadcrumbList","@id":"https:\/\/www.triskellseafood.com\/fr\/nous-connaitre-2\/consulting\/#breadcrumb","itemListElement":[{"@type":"ListItem","position":1,"name":"Home","item":"https:\/\/www.triskellseafood.com\/fr\/"},{"@type":"ListItem","position":2,"name":"Nous Conna\u00eetre","item":"https:\/\/www.triskellseafood.com\/fr\/nous-connaitre-2\/"},{"@type":"ListItem","position":3,"name":"Consulting"}]},{"@type":"WebSite","@id":"https:\/\/www.triskellseafood.com\/#website","url":"https:\/\/www.triskellseafood.com\/","name":"Triskellseafood","description":"","potentialAction":[{"@type":"SearchAction","target":{"@type":"EntryPoint","urlTemplate":"https:\/\/www.triskellseafood.com\/?s={search_term_string}"},"query-input":{"@type":"PropertyValueSpecification","valueRequired":true,"valueName":"search_term_string"}}],"inLanguage":"fr-FR"}]}},"_links":{"self":[{"href":"https:\/\/www.triskellseafood.com\/fr\/wp-json\/wp\/v2\/pages\/808","targetHints":{"allow":["GET"]}}],"collection":[{"href":"https:\/\/www.triskellseafood.com\/fr\/wp-json\/wp\/v2\/pages"}],"about":[{"href":"https:\/\/www.triskellseafood.com\/fr\/wp-json\/wp\/v2\/types\/page"}],"author":[{"embeddable":true,"href":"https:\/\/www.triskellseafood.com\/fr\/wp-json\/wp\/v2\/users\/1"}],"replies":[{"embeddable":true,"href":"https:\/\/www.triskellseafood.com\/fr\/wp-json\/wp\/v2\/comments?post=808"}],"version-history":[{"count":9,"href":"https:\/\/www.triskellseafood.com\/fr\/wp-json\/wp\/v2\/pages\/808\/revisions"}],"predecessor-version":[{"id":3293,"href":"https:\/\/www.triskellseafood.com\/fr\/wp-json\/wp\/v2\/pages\/808\/revisions\/3293"}],"up":[{"embeddable":true,"href":"https:\/\/www.triskellseafood.com\/fr\/wp-json\/wp\/v2\/pages\/761"}],"wp:attachment":[{"href":"https:\/\/www.triskellseafood.com\/fr\/wp-json\/wp\/v2\/media?parent=808"}],"curies":[{"name":"wp","href":"https:\/\/api.w.org\/{rel}","templated":true}]}}