{"id":761,"date":"2017-04-04T10:28:21","date_gmt":"2017-04-04T10:28:21","guid":{"rendered":"https:\/\/triskellseafood.com\/?page_id=761"},"modified":"2025-11-04T23:11:39","modified_gmt":"2025-11-04T22:11:39","slug":"nous-connaitre-2","status":"publish","type":"page","link":"https:\/\/www.triskellseafood.com\/fr\/nous-connaitre-2\/","title":{"rendered":"Nous Conna\u00eetre"},"content":{"rendered":"<section class=\"l-section wpb_row height_medium\"><div class=\"l-section-h i-cf\"><div class=\"g-cols vc_row via_flex valign_top type_default stacking_default\"><div class=\"vc_col-sm-12 wpb_column vc_column_container\"><div class=\"vc_column-inner\"><div class=\"wpb_wrapper\"><div class=\"wpb_text_column\"><div class=\"wpb_wrapper\"><h2>Histoire<\/h2>\n<p><img loading=\"lazy\" decoding=\"async\" class=\"size-medium wp-image-217 alignleft\" src=\"https:\/\/triskellseafood.com\/wp-content\/uploads\/2017\/02\/7.3.16-Marie-A-111-255x300.jpg\" alt=\"\" width=\"255\" height=\"300\" srcset=\"https:\/\/www.triskellseafood.com\/wp-content\/uploads\/2017\/02\/7.3.16-Marie-A-111-255x300.jpg 255w, https:\/\/www.triskellseafood.com\/wp-content\/uploads\/2017\/02\/7.3.16-Marie-A-111-600x707.jpg 600w, https:\/\/www.triskellseafood.com\/wp-content\/uploads\/2017\/02\/7.3.16-Marie-A-111-300x353.jpg 300w, https:\/\/www.triskellseafood.com\/wp-content\/uploads\/2017\/02\/7.3.16-Marie-A-111-297x350.jpg 297w, https:\/\/www.triskellseafood.com\/wp-content\/uploads\/2017\/02\/7.3.16-Marie-A-111.jpg 670w\" sizes=\"auto, (max-width: 255px) 100vw, 255px\" \/>La soci\u00e9t\u00e9 Triskell Seafood a \u00e9t\u00e9 fond\u00e9e en 1999 par Marie-Aude Danguy: Originaire de Bretagne, elle s\u2019est rendue en Irlande \u00e0 la fin des ann\u00e9es 80s pour finir ses \u00e9tudes sup\u00e9rieures \u00e0 Sligo. Elle fut ensuite employ\u00e9e par un groupe de conchyliculteurs et ostr\u00e9iculteurs bas\u00e9s dans le Nord Ouest de l\u2019Irlande. Sa passion pour ce domaine s\u2019est av\u00e9r\u00e9e \u00e9vidente d\u00e8s les premiers jours..<br \/>\nInitiallement cr\u00e9e pour l\u2019exportation d\u2019huitres et coquillages vers la France, la compagnie a, en plus de 20 ans, d\u00e9velopp\u00e9 son activit\u00e9 sur tout le territoire Europ\u00e9en. En plus du secteur de n\u00e9goce, la soci\u00e9t\u00e9 a mis en place une structure afin de procurer aux \u00e9l\u00e9veurs toute une gamme de mat\u00e9riel ostr\u00e9icole et aquacole. Avec pour but d\u2019offrir un service complet \u00e0 l\u2019industrie, Triskell Seafood fournit \u00e9galement le naissain en provenance de diverses \u00e9closeries, ainsi qu\u2019un service de conseils \u00e0 la profession.<\/p>\n<p>Marie-Aude reconnait le role primordial de ses relations avec fournisseurs et clients et s\u2019engage donc a offrir un service personnalis\u00e9, y compris avec visites dans le but d\u2019un r\u00e9sultat optimum pour tous.<br \/>\nTriskell Seafood est synonyme d\u2019excellence et fiabilit\u00e9: notre exp\u00e9rience et nos connaissances du milieu Aquacole et Ostr\u00e9icole, en sus de notre expertise en logistique, garantissent que nous sommes en mesure de vous livrer le produit que vous recherchez!<\/p>\n<\/div><\/div><\/div><\/div><\/div><\/div><\/div><\/section>\n","protected":false},"excerpt":{"rendered":"Histoire La soci\u00e9t\u00e9 Triskell Seafood a \u00e9t\u00e9 fond\u00e9e en 1999 par Marie-Aude Danguy: Originaire de Bretagne, elle s\u2019est rendue en Irlande \u00e0 la fin des ann\u00e9es 80s pour finir ses \u00e9tudes sup\u00e9rieures \u00e0 Sligo. Elle fut ensuite employ\u00e9e par un groupe de conchyliculteurs et ostr\u00e9iculteurs bas\u00e9s dans le Nord Ouest de l\u2019Irlande. Sa passion pour...","protected":false},"author":1,"featured_media":0,"parent":0,"menu_order":0,"comment_status":"closed","ping_status":"closed","template":"","meta":{"_exactmetrics_skip_tracking":false,"_exactmetrics_sitenote_active":false,"_exactmetrics_sitenote_note":"","_exactmetrics_sitenote_category":0,"footnotes":""},"class_list":["post-761","page","type-page","status-publish","hentry"],"yoast_head":"<!-- This site is optimized with the Yoast SEO plugin v26.4 - https:\/\/yoast.com\/wordpress\/plugins\/seo\/ -->\n<title>Triskell Seafood Consulting | Nous Conna\u00eetre<\/title>\n<meta name=\"description\" content=\"La soci\u00e9t\u00e9 Triskell Seafood Consulting a \u00e9t\u00e9 fond\u00e9e en 1999 par Marie-Aude Danguy: Originaire de Bretagne, elle s\u2019est rendue en Irlande \u00e0 la fin des ann\u00e9es &#039;80s.\" \/>\n<meta name=\"robots\" content=\"index, follow, max-snippet:-1, max-image-preview:large, max-video-preview:-1\" \/>\n<link rel=\"canonical\" href=\"https:\/\/www.triskellseafood.com\/fr\/nous-connaitre-2\/\" \/>\n<meta property=\"og:locale\" content=\"fr_FR\" \/>\n<meta property=\"og:type\" content=\"article\" \/>\n<meta property=\"og:title\" content=\"Triskell Seafood Consulting | Nous Conna\u00eetre\" \/>\n<meta property=\"og:description\" content=\"La soci\u00e9t\u00e9 Triskell Seafood Consulting a \u00e9t\u00e9 fond\u00e9e en 1999 par Marie-Aude Danguy: Originaire de Bretagne, elle s\u2019est rendue en Irlande \u00e0 la fin des ann\u00e9es &#039;80s.\" \/>\n<meta property=\"og:url\" content=\"https:\/\/www.triskellseafood.com\/fr\/nous-connaitre-2\/\" \/>\n<meta property=\"og:site_name\" content=\"Triskellseafood\" \/>\n<meta property=\"article:publisher\" content=\"https:\/\/www.facebook.com\/triskellseafood\/\" \/>\n<meta property=\"article:modified_time\" content=\"2025-11-04T22:11:39+00:00\" \/>\n<meta property=\"og:image\" content=\"https:\/\/triskellseafood.com\/wp-content\/uploads\/2017\/02\/7.3.16-Marie-A-111-255x300.jpg\" \/>\n<meta name=\"twitter:card\" content=\"summary_large_image\" \/>\n<meta name=\"twitter:label1\" content=\"Dur\u00e9e de lecture estim\u00e9e\" \/>\n\t<meta name=\"twitter:data1\" content=\"3 minutes\" \/>\n<script type=\"application\/ld+json\" class=\"yoast-schema-graph\">{\"@context\":\"https:\/\/schema.org\",\"@graph\":[{\"@type\":\"WebPage\",\"@id\":\"https:\/\/www.triskellseafood.com\/fr\/nous-connaitre-2\/\",\"url\":\"https:\/\/www.triskellseafood.com\/fr\/nous-connaitre-2\/\",\"name\":\"Triskell Seafood Consulting | Nous Conna\u00eetre\",\"isPartOf\":{\"@id\":\"https:\/\/www.triskellseafood.com\/#website\"},\"primaryImageOfPage\":{\"@id\":\"https:\/\/www.triskellseafood.com\/fr\/nous-connaitre-2\/#primaryimage\"},\"image\":{\"@id\":\"https:\/\/www.triskellseafood.com\/fr\/nous-connaitre-2\/#primaryimage\"},\"thumbnailUrl\":\"https:\/\/triskellseafood.com\/wp-content\/uploads\/2017\/02\/7.3.16-Marie-A-111-255x300.jpg\",\"datePublished\":\"2017-04-04T10:28:21+00:00\",\"dateModified\":\"2025-11-04T22:11:39+00:00\",\"description\":\"La soci\u00e9t\u00e9 Triskell Seafood Consulting a \u00e9t\u00e9 fond\u00e9e en 1999 par Marie-Aude Danguy: Originaire de Bretagne, elle s\u2019est rendue en Irlande \u00e0 la fin des ann\u00e9es '80s.\",\"breadcrumb\":{\"@id\":\"https:\/\/www.triskellseafood.com\/fr\/nous-connaitre-2\/#breadcrumb\"},\"inLanguage\":\"fr-FR\",\"potentialAction\":[{\"@type\":\"ReadAction\",\"target\":[\"https:\/\/www.triskellseafood.com\/fr\/nous-connaitre-2\/\"]}]},{\"@type\":\"ImageObject\",\"inLanguage\":\"fr-FR\",\"@id\":\"https:\/\/www.triskellseafood.com\/fr\/nous-connaitre-2\/#primaryimage\",\"url\":\"https:\/\/triskellseafood.com\/wp-content\/uploads\/2017\/02\/7.3.16-Marie-A-111-255x300.jpg\",\"contentUrl\":\"https:\/\/triskellseafood.com\/wp-content\/uploads\/2017\/02\/7.3.16-Marie-A-111-255x300.jpg\"},{\"@type\":\"BreadcrumbList\",\"@id\":\"https:\/\/www.triskellseafood.com\/fr\/nous-connaitre-2\/#breadcrumb\",\"itemListElement\":[{\"@type\":\"ListItem\",\"position\":1,\"name\":\"Home\",\"item\":\"https:\/\/www.triskellseafood.com\/fr\/\"},{\"@type\":\"ListItem\",\"position\":2,\"name\":\"Nous Conna\u00eetre\"}]},{\"@type\":\"WebSite\",\"@id\":\"https:\/\/www.triskellseafood.com\/#website\",\"url\":\"https:\/\/www.triskellseafood.com\/\",\"name\":\"Triskellseafood\",\"description\":\"\",\"potentialAction\":[{\"@type\":\"SearchAction\",\"target\":{\"@type\":\"EntryPoint\",\"urlTemplate\":\"https:\/\/www.triskellseafood.com\/?s={search_term_string}\"},\"query-input\":{\"@type\":\"PropertyValueSpecification\",\"valueRequired\":true,\"valueName\":\"search_term_string\"}}],\"inLanguage\":\"fr-FR\"}]}<\/script>\n<!-- \/ Yoast SEO plugin. -->","yoast_head_json":{"title":"Triskell Seafood Consulting | Nous Conna\u00eetre","description":"La soci\u00e9t\u00e9 Triskell Seafood Consulting a \u00e9t\u00e9 fond\u00e9e en 1999 par Marie-Aude Danguy: Originaire de Bretagne, elle s\u2019est rendue en Irlande \u00e0 la fin des ann\u00e9es '80s.","robots":{"index":"index","follow":"follow","max-snippet":"max-snippet:-1","max-image-preview":"max-image-preview:large","max-video-preview":"max-video-preview:-1"},"canonical":"https:\/\/www.triskellseafood.com\/fr\/nous-connaitre-2\/","og_locale":"fr_FR","og_type":"article","og_title":"Triskell Seafood Consulting | Nous Conna\u00eetre","og_description":"La soci\u00e9t\u00e9 Triskell Seafood Consulting a \u00e9t\u00e9 fond\u00e9e en 1999 par Marie-Aude Danguy: Originaire de Bretagne, elle s\u2019est rendue en Irlande \u00e0 la fin des ann\u00e9es '80s.","og_url":"https:\/\/www.triskellseafood.com\/fr\/nous-connaitre-2\/","og_site_name":"Triskellseafood","article_publisher":"https:\/\/www.facebook.com\/triskellseafood\/","article_modified_time":"2025-11-04T22:11:39+00:00","og_image":[{"url":"https:\/\/triskellseafood.com\/wp-content\/uploads\/2017\/02\/7.3.16-Marie-A-111-255x300.jpg","type":"","width":"","height":""}],"twitter_card":"summary_large_image","twitter_misc":{"Dur\u00e9e de lecture estim\u00e9e":"3 minutes"},"schema":{"@context":"https:\/\/schema.org","@graph":[{"@type":"WebPage","@id":"https:\/\/www.triskellseafood.com\/fr\/nous-connaitre-2\/","url":"https:\/\/www.triskellseafood.com\/fr\/nous-connaitre-2\/","name":"Triskell Seafood Consulting | Nous Conna\u00eetre","isPartOf":{"@id":"https:\/\/www.triskellseafood.com\/#website"},"primaryImageOfPage":{"@id":"https:\/\/www.triskellseafood.com\/fr\/nous-connaitre-2\/#primaryimage"},"image":{"@id":"https:\/\/www.triskellseafood.com\/fr\/nous-connaitre-2\/#primaryimage"},"thumbnailUrl":"https:\/\/triskellseafood.com\/wp-content\/uploads\/2017\/02\/7.3.16-Marie-A-111-255x300.jpg","datePublished":"2017-04-04T10:28:21+00:00","dateModified":"2025-11-04T22:11:39+00:00","description":"La soci\u00e9t\u00e9 Triskell Seafood Consulting a \u00e9t\u00e9 fond\u00e9e en 1999 par Marie-Aude Danguy: Originaire de Bretagne, elle s\u2019est rendue en Irlande \u00e0 la fin des ann\u00e9es '80s.","breadcrumb":{"@id":"https:\/\/www.triskellseafood.com\/fr\/nous-connaitre-2\/#breadcrumb"},"inLanguage":"fr-FR","potentialAction":[{"@type":"ReadAction","target":["https:\/\/www.triskellseafood.com\/fr\/nous-connaitre-2\/"]}]},{"@type":"ImageObject","inLanguage":"fr-FR","@id":"https:\/\/www.triskellseafood.com\/fr\/nous-connaitre-2\/#primaryimage","url":"https:\/\/triskellseafood.com\/wp-content\/uploads\/2017\/02\/7.3.16-Marie-A-111-255x300.jpg","contentUrl":"https:\/\/triskellseafood.com\/wp-content\/uploads\/2017\/02\/7.3.16-Marie-A-111-255x300.jpg"},{"@type":"BreadcrumbList","@id":"https:\/\/www.triskellseafood.com\/fr\/nous-connaitre-2\/#breadcrumb","itemListElement":[{"@type":"ListItem","position":1,"name":"Home","item":"https:\/\/www.triskellseafood.com\/fr\/"},{"@type":"ListItem","position":2,"name":"Nous Conna\u00eetre"}]},{"@type":"WebSite","@id":"https:\/\/www.triskellseafood.com\/#website","url":"https:\/\/www.triskellseafood.com\/","name":"Triskellseafood","description":"","potentialAction":[{"@type":"SearchAction","target":{"@type":"EntryPoint","urlTemplate":"https:\/\/www.triskellseafood.com\/?s={search_term_string}"},"query-input":{"@type":"PropertyValueSpecification","valueRequired":true,"valueName":"search_term_string"}}],"inLanguage":"fr-FR"}]}},"_links":{"self":[{"href":"https:\/\/www.triskellseafood.com\/fr\/wp-json\/wp\/v2\/pages\/761","targetHints":{"allow":["GET"]}}],"collection":[{"href":"https:\/\/www.triskellseafood.com\/fr\/wp-json\/wp\/v2\/pages"}],"about":[{"href":"https:\/\/www.triskellseafood.com\/fr\/wp-json\/wp\/v2\/types\/page"}],"author":[{"embeddable":true,"href":"https:\/\/www.triskellseafood.com\/fr\/wp-json\/wp\/v2\/users\/1"}],"replies":[{"embeddable":true,"href":"https:\/\/www.triskellseafood.com\/fr\/wp-json\/wp\/v2\/comments?post=761"}],"version-history":[{"count":27,"href":"https:\/\/www.triskellseafood.com\/fr\/wp-json\/wp\/v2\/pages\/761\/revisions"}],"predecessor-version":[{"id":8207,"href":"https:\/\/www.triskellseafood.com\/fr\/wp-json\/wp\/v2\/pages\/761\/revisions\/8207"}],"wp:attachment":[{"href":"https:\/\/www.triskellseafood.com\/fr\/wp-json\/wp\/v2\/media?parent=761"}],"curies":[{"name":"wp","href":"https:\/\/api.w.org\/{rel}","templated":true}]}}